{"id":34,"date":"2020-02-10T16:52:50","date_gmt":"2020-02-10T15:52:50","guid":{"rendered":"https:\/\/efmmin.com\/6\/?page_id=34"},"modified":"2022-08-29T16:51:39","modified_gmt":"2022-08-29T14:51:39","slug":"contact","status":"publish","type":"page","link":"https:\/\/efmmin.com\/6\/contact\/","title":{"rendered":"CONTACT"},"content":{"rendered":"\n<p>Pour toute question, n&rsquo;h\u00e9sitez pas \u00e0 envoyer un mail \u00e0 Mme Nathalie Deschaintres de la Fili\u00e8re Instrumentation<\/p>\n\n\n\n<p><a href=\"mailto:sciences-filiere-instrumentation@univ-amu.fr\">sciences-filiere-instrumentation@univ-amu.fr<\/a><\/p>\n","protected":false},"excerpt":{"rendered":"<p>Pour toute question, n&rsquo;h\u00e9sitez pas \u00e0 envoyer un mail \u00e0 Mme Nathalie Deschaintres de la Fili\u00e8re Instrumentation sciences-filiere-instrumentation@univ-amu.fr<\/p>\n","protected":false},"author":1,"featured_media":0,"parent":0,"menu_order":0,"comment_status":"closed","ping_status":"closed","template":"","meta":{"footnotes":""},"_links":{"self":[{"href":"https:\/\/efmmin.com\/6\/wp-json\/wp\/v2\/pages\/34"}],"collection":[{"href":"https:\/\/efmmin.com\/6\/wp-json\/wp\/v2\/pages"}],"about":[{"href":"https:\/\/efmmin.com\/6\/wp-json\/wp\/v2\/types\/page"}],"author":[{"embeddable":true,"href":"https:\/\/efmmin.com\/6\/wp-json\/wp\/v2\/users\/1"}],"replies":[{"embeddable":true,"href":"https:\/\/efmmin.com\/6\/wp-json\/wp\/v2\/comments?post=34"}],"version-history":[{"count":6,"href":"https:\/\/efmmin.com\/6\/wp-json\/wp\/v2\/pages\/34\/revisions"}],"predecessor-version":[{"id":312,"href":"https:\/\/efmmin.com\/6\/wp-json\/wp\/v2\/pages\/34\/revisions\/312"}],"wp:attachment":[{"href":"https:\/\/efmmin.com\/6\/wp-json\/wp\/v2\/media?parent=34"}],"curies":[{"name":"wp","href":"https:\/\/api.w.org\/{rel}","templated":true}]}}