{"id":21,"date":"2020-02-10T16:49:47","date_gmt":"2020-02-10T15:49:47","guid":{"rendered":"https:\/\/efmmin.com\/6\/?page_id=21"},"modified":"2022-10-08T11:09:58","modified_gmt":"2022-10-08T09:09:58","slug":"programme","status":"publish","type":"page","link":"https:\/\/efmmin.com\/6\/programme\/","title":{"rendered":"PROGRAMME"},"content":{"rendered":"\n<p><\/p>\n\n\n\n<h3 class=\"has-vivid-cyan-blue-color has-text-color wp-block-heading\"><strong>La journ\u00e9e inter-\u00e9ditions sera ouverte par une conf\u00e9rence pl\u00e9ni\u00e8re de Frank Carr\u00e9 s&rsquo;intitulant :  <em>Quelle recherche pour relever les d\u00e9fis de la transition \u00e9nerg\u00e9tique&nbsp;?   <\/em>et se poursuivra par des pr\u00e9sentations de doctorants et jeunes docteurs.  <\/strong><\/h3>\n\n\n\n<p class=\"has-text-color has-background has-text-align-center has-large-font-size has-very-light-gray-color has-vivid-cyan-blue-background-color\"><strong>   Conf\u00e9rence d&rsquo;ouverture<\/strong><\/p>\n\n\n\n<h3 class=\"has-text-color wp-block-heading\" style=\"color:#2ccdcc\"><\/h3>\n\n\n\n<p><\/p>\n\n\n\n<p style=\"color:#2ccdcc;font-size:24px\" class=\"has-text-color\"><strong><em>Quelle recherche pour relever les d\u00e9fis de la transition \u00e9nerg\u00e9tique\u00a0?  <\/em><\/strong><\/p>\n\n\n\n<p style=\"color:#2ccdcc\" class=\"has-text-color has-medium-font-size\"><strong>L\u2019expos\u00e9 dressera un bref panorama des enjeux li\u00e9s au d\u00e9veloppement des nouvelles technologies de l\u2019\u00e9nergie telles que petits r\u00e9acteurs modulaires, \u00e9nergies renouvelables, et technologies de flexibilit\u00e9 et de stockage avec un \u00e9clairage particulier sur la situation du Maroc et le r\u00f4le de l\u2019instrumentation. <\/strong><\/p>\n\n\n\n<p style=\"color:#ffffff\" class=\"has-text-color\">&#8212;&#8211;<\/p>\n\n\n\n<p style=\"background-color:#2ccdcc;color:#2ccdcc;font-size:1px\" class=\"has-text-color has-background\">  &#8212;&#8212;&#8212;&#8212;&#8212;&#8212;&#8212;&#8212;&#8212;&#8212;&#8212;&#8212;&#8212;&#8212;&#8212;&#8212;&#8212;&#8212;&#8212;&#8212;&#8212;&#8212;&#8212;&#8212;&#8212;&#8212;&#8212;&#8212;&#8212;&#8212;&#8212;&#8212;&#8212;&#8212;&#8212;&#8212;&#8211;ecccc&#8212;&#8212;cc<\/p>\n\n\n\n<div class=\"wp-block-columns is-layout-flex wp-container-core-columns-layout-1 wp-block-columns-is-layout-flex\">\n<div class=\"wp-block-column is-layout-flow wp-block-column-is-layout-flow\">\n<p class=\"has-text-color has-normal-font-size has-very-dark-gray-color\">Entr\u00e9 au CEA en 1976, <strong>Frank Carr\u00e9 <\/strong>a particip\u00e9 aux \u00e9tudes et recherches sur le nucl\u00e9aire du futur \u00e0 diff\u00e9rents postes de responsabilit\u00e9. De 2001 \u00e0 2009 il a dirig\u00e9 les programmes du CEA sur les syst\u00e8mes nucl\u00e9aires du futur et a contribu\u00e9 dans ce cadre \u00e0 d\u00e9finir les programmes de recherche nationaux ainsi que les coop\u00e9rations internationales sur les r\u00e9acteurs \u00e0 neutrons rapides avec un cycle du combustible ferm\u00e9, les r\u00e9acteurs \u00e0 haute temp\u00e9rature, et les applications non-\u00e9lectrog\u00e8nes du nucl\u00e9aire telles que la cog\u00e9n\u00e9ration de chaleur pour l\u2019habitat et l\u2019industrie, et la production d\u2019hydrog\u00e8ne.<\/p>\n\n\n\n<p class=\"has-text-color has-text-align-left has-normal-font-size has-very-dark-gray-color\">Il a \u00e9t\u00e9 directeur scientifique de la Direction de\nl\u2019\u00e9nergie nucl\u00e9aire de 2009 \u00e0 2019 puis de la Direction des \u00e9nergies en 2020 et\n2021.<\/p>\n\n\n\n<p class=\"has-text-color has-text-align-left has-normal-font-size has-very-dark-gray-color\">Il a cr\u00e9\u00e9 en 2008 la chaire d\u2019enseignement et de\nrecherche sur les \u00ab Energies durables \u00bb \u00e0 l\u2019Ecole Polytechnique dont il a \u00e9t\u00e9\ntitulaire jusqu\u2019en 2018, et a \u00e9t\u00e9 Conseiller scientifique du Haut-commissaire \u00e0\nl\u2019Energie Atomique de 2012 \u00e0 2018. Il a \u00e9t\u00e9 membre du conseil scientifique du\nCEA de 2007 \u00e0 2020, de la direction des applications militaires du CEA de 2018\n\u00e0 2021 et du Standing Advisory Group on Nuclear Energy de l\u2019AIEA de 2016 \u00e0\n2021.<\/p>\n\n\n\n<p class=\"has-text-color has-text-align-left has-normal-font-size has-very-dark-gray-color\">En retraite depuis 2022, il conserve une mission de\nconseil scientifique aupr\u00e8s du CEA, un enseignement \u00e0 Sciences Po et certaines\ncontributions \u00e0 des cycles de conf\u00e9rence dans l\u2019enseignement sup\u00e9rieur.<\/p>\n<\/div>\n\n\n\n<div class=\"wp-block-column is-layout-flow wp-block-column-is-layout-flow\">\n<p style=\"color:#f8fafb\" class=\"has-text-color\">&#8212;-<\/p>\n\n\n\n<div class=\"wp-block-image is-style-default\"><figure class=\"aligncenter size-large is-resized\"><img loading=\"lazy\" decoding=\"async\" src=\"https:\/\/efmmin.com\/6\/wp-content\/uploads\/sites\/6\/2022\/10\/frank-CARRE-685x1024.jpg\" alt=\"\" class=\"wp-image-360\" width=\"196\" height=\"292\" srcset=\"https:\/\/efmmin.com\/6\/wp-content\/uploads\/sites\/6\/2022\/10\/frank-CARRE-685x1024.jpg 685w, https:\/\/efmmin.com\/6\/wp-content\/uploads\/sites\/6\/2022\/10\/frank-CARRE-201x300.jpg 201w, https:\/\/efmmin.com\/6\/wp-content\/uploads\/sites\/6\/2022\/10\/frank-CARRE-768x1148.jpg 768w, https:\/\/efmmin.com\/6\/wp-content\/uploads\/sites\/6\/2022\/10\/frank-CARRE-1027x1536.jpg 1027w, https:\/\/efmmin.com\/6\/wp-content\/uploads\/sites\/6\/2022\/10\/frank-CARRE-1370x2048.jpg 1370w, https:\/\/efmmin.com\/6\/wp-content\/uploads\/sites\/6\/2022\/10\/frank-CARRE-624x933.jpg 624w, https:\/\/efmmin.com\/6\/wp-content\/uploads\/sites\/6\/2022\/10\/frank-CARRE.jpg 1712w\" sizes=\"(max-width: 196px) 100vw, 196px\" \/><figcaption> <\/figcaption><\/figure><\/div>\n\n\n\n<p style=\"color:#2ccdcc\" class=\"has-text-color has-text-align-center has-normal-font-size\"> <strong>Frank Carr\u00e9 <\/strong><\/p>\n\n\n\n<p style=\"color:#2ccdcc\" class=\"has-text-color has-text-align-center has-normal-font-size\"><strong>Directeur scientifique (2009-2021) <\/strong><\/p>\n\n\n\n<p style=\"color:#2ccdcc\" class=\"has-text-color has-text-align-center has-normal-font-size\"><strong>Direction des \u00e9nergies,  <\/strong><\/p>\n\n\n\n<p style=\"color:#2ccdcc\" class=\"has-text-color has-text-align-center has-normal-font-size\"><strong>Commissariat \u00e0 l\u2019Energie Atomique et aux Energies Alternatives <\/strong>  <\/p>\n<\/div>\n<\/div>\n\n\n\n<p class=\"has-text-color has-background has-text-align-center has-large-font-size has-very-light-gray-color has-vivid-cyan-blue-background-color\">Programme <\/p>\n\n\n\n<h3 class=\"has-vivid-cyan-blue-color has-text-color wp-block-heading\"><strong>Le programme et les r\u00e9sum\u00e9s des doctorants et des docteurs r\u00e9cemment dipl\u00f4m\u00e9s sont accessibles en t\u00e9l\u00e9chargeant <a href=\"https:\/\/efmmin.com\/6\/wp-content\/uploads\/sites\/6\/2022\/10\/Programme-R\u00e9sum\u00e9s-JIE20221008.pdf\">ce fichier<\/a><\/strong>. <\/h3>\n\n\n\n<figure class=\"wp-block-image size-large\"><img loading=\"lazy\" decoding=\"async\" width=\"725\" height=\"1024\" src=\"https:\/\/efmmin.com\/6\/wp-content\/uploads\/sites\/6\/2022\/10\/Programme-R\u00e9sum\u00e9s-JIE20221008_Page_01-725x1024.jpg\" alt=\"\" class=\"wp-image-398\" srcset=\"https:\/\/efmmin.com\/6\/wp-content\/uploads\/sites\/6\/2022\/10\/Programme-R\u00e9sum\u00e9s-JIE20221008_Page_01-725x1024.jpg 725w, https:\/\/efmmin.com\/6\/wp-content\/uploads\/sites\/6\/2022\/10\/Programme-R\u00e9sum\u00e9s-JIE20221008_Page_01-212x300.jpg 212w, https:\/\/efmmin.com\/6\/wp-content\/uploads\/sites\/6\/2022\/10\/Programme-R\u00e9sum\u00e9s-JIE20221008_Page_01-768x1085.jpg 768w, https:\/\/efmmin.com\/6\/wp-content\/uploads\/sites\/6\/2022\/10\/Programme-R\u00e9sum\u00e9s-JIE20221008_Page_01-1087x1536.jpg 1087w, https:\/\/efmmin.com\/6\/wp-content\/uploads\/sites\/6\/2022\/10\/Programme-R\u00e9sum\u00e9s-JIE20221008_Page_01-624x882.jpg 624w, https:\/\/efmmin.com\/6\/wp-content\/uploads\/sites\/6\/2022\/10\/Programme-R\u00e9sum\u00e9s-JIE20221008_Page_01.jpg 1241w\" sizes=\"(max-width: 725px) 100vw, 725px\" \/><\/figure>\n\n\n\n<figure class=\"wp-block-image size-large\"><img loading=\"lazy\" decoding=\"async\" width=\"725\" height=\"1024\" src=\"https:\/\/efmmin.com\/6\/wp-content\/uploads\/sites\/6\/2022\/10\/Programme-R\u00e9sum\u00e9s-JIE20221008_Page_02-725x1024.jpg\" alt=\"\" class=\"wp-image-399\" srcset=\"https:\/\/efmmin.com\/6\/wp-content\/uploads\/sites\/6\/2022\/10\/Programme-R\u00e9sum\u00e9s-JIE20221008_Page_02-725x1024.jpg 725w, https:\/\/efmmin.com\/6\/wp-content\/uploads\/sites\/6\/2022\/10\/Programme-R\u00e9sum\u00e9s-JIE20221008_Page_02-212x300.jpg 212w, https:\/\/efmmin.com\/6\/wp-content\/uploads\/sites\/6\/2022\/10\/Programme-R\u00e9sum\u00e9s-JIE20221008_Page_02-768x1085.jpg 768w, https:\/\/efmmin.com\/6\/wp-content\/uploads\/sites\/6\/2022\/10\/Programme-R\u00e9sum\u00e9s-JIE20221008_Page_02-1087x1536.jpg 1087w, https:\/\/efmmin.com\/6\/wp-content\/uploads\/sites\/6\/2022\/10\/Programme-R\u00e9sum\u00e9s-JIE20221008_Page_02-624x882.jpg 624w, https:\/\/efmmin.com\/6\/wp-content\/uploads\/sites\/6\/2022\/10\/Programme-R\u00e9sum\u00e9s-JIE20221008_Page_02.jpg 1241w\" sizes=\"(max-width: 725px) 100vw, 725px\" \/><\/figure>\n\n\n\n<h2 class=\"has-vivid-cyan-blue-color has-text-color wp-block-heading\"><\/h2>\n\n\n\n<p><\/p>\n","protected":false},"excerpt":{"rendered":"<p>La journ\u00e9e inter-\u00e9ditions sera ouverte par une conf\u00e9rence pl\u00e9ni\u00e8re de Frank Carr\u00e9 s&rsquo;intitulant : Quelle recherche pour relever les d\u00e9fis de la transition \u00e9nerg\u00e9tique&nbsp;? et se poursuivra par des pr\u00e9sentations de doctorants et jeunes docteurs. Conf\u00e9rence d&rsquo;ouverture Quelle recherche pour relever les d\u00e9fis de la transition \u00e9nerg\u00e9tique\u00a0? L\u2019expos\u00e9 dressera un bref panorama des enjeux li\u00e9s [&hellip;]<\/p>\n","protected":false},"author":1,"featured_media":0,"parent":0,"menu_order":0,"comment_status":"closed","ping_status":"closed","template":"","meta":{"footnotes":""},"_links":{"self":[{"href":"https:\/\/efmmin.com\/6\/wp-json\/wp\/v2\/pages\/21"}],"collection":[{"href":"https:\/\/efmmin.com\/6\/wp-json\/wp\/v2\/pages"}],"about":[{"href":"https:\/\/efmmin.com\/6\/wp-json\/wp\/v2\/types\/page"}],"author":[{"embeddable":true,"href":"https:\/\/efmmin.com\/6\/wp-json\/wp\/v2\/users\/1"}],"replies":[{"embeddable":true,"href":"https:\/\/efmmin.com\/6\/wp-json\/wp\/v2\/comments?post=21"}],"version-history":[{"count":67,"href":"https:\/\/efmmin.com\/6\/wp-json\/wp\/v2\/pages\/21\/revisions"}],"predecessor-version":[{"id":414,"href":"https:\/\/efmmin.com\/6\/wp-json\/wp\/v2\/pages\/21\/revisions\/414"}],"wp:attachment":[{"href":"https:\/\/efmmin.com\/6\/wp-json\/wp\/v2\/media?parent=21"}],"curies":[{"name":"wp","href":"https:\/\/api.w.org\/{rel}","templated":true}]}}