{"id":106,"date":"2020-02-20T23:23:12","date_gmt":"2020-02-20T22:23:12","guid":{"rendered":"https:\/\/efmmin.com\/6\/?page_id=106"},"modified":"2022-09-02T18:26:05","modified_gmt":"2022-09-02T16:26:05","slug":"comite","status":"publish","type":"page","link":"https:\/\/efmmin.com\/6\/comite\/","title":{"rendered":"COMITES"},"content":{"rendered":"<p><!--StartFragment--><\/p>\n\n\n<h2 class=\"has-text-color wp-block-heading\" style=\"color:#2ccdcc\"><strong>Comit\u00e9 d\u2019organisation<\/strong><\/h2>\n\n\n\n<p><strong>Le comit\u00e9 d\u2019organisation est compos\u00e9 de :<\/strong><\/p>\n\n\n\n<ol><li>Aziz BENAHMED, CNESTEN, Maroc <\/li><li> Ahmed BOUFRAQECH, CNESTEN, Maroc <\/li><li> Michel CARETTE, Aix-Marseille Universit\u00e9, Marseille, France <\/li><li> Na\u00efma EL KHAYATI, Universit\u00e9 Mohammed V de Rabat, Maroc <\/li><li>Abdallah LYOUSSI, CEA, France<\/li><li> Ta\u00efb MARFAK, AMSSNuR, Maroc <\/li><li> Christelle REYNARD-CARETTE, Aix-Marseille Universit\u00e9, Marseille, France<\/li><li> Adrien VOLTE, Aix-Marseille Universit\u00e9, Marseille, France  <\/li><\/ol>\n\n\n\n<h2 class=\"has-text-color wp-block-heading\" style=\"color:#2ccdcc\"><strong>Comit\u00e9 scientifique<\/strong><\/h2>\n\n\n\n<p>      <strong>Le comit\u00e9 scientifique comprend  :  <\/strong>           <\/p>\n\n\n\n<ol><li>Rachad Alami, CNESTEN, Maroc<\/li><li>Aziz Benahmed, CNESTEN, Maroc<\/li><li>Gilles Bignan, CEA\/Programme RJH, France<\/li><li>Ahmed Boufraqech, Secr\u00e9taire G\u00e9n\u00e9ral du CNESTEN, Maroc<\/li><li>Julie Brun, Aix-Marseille Universit\u00e9, Marseille, France<\/li><li>Michel Carette, Aix-Marseille Universit\u00e9, Marseille, France<\/li><li>Tarik El Bardouni, Universit\u00e9 Abdelmalek Essa\u00e2di de T\u00e9touan, Maroc<\/li><li>Na\u00efma El Khayati, Universit\u00e9 Mohammed V de Rabat, Maroc<\/li><li>Chakir El Mahjoub , Universit\u00e9 Ibn Tofail de K\u00e9nitra, Maroc <\/li><li>Patrick Le Du, IEEE NPSS, France<\/li><li>Abdallah Lyoussi, CEA, France<\/li><li>Ta\u00efb Marfak, AMSSNuR, Maroc<\/li><li>Bouzekri Nacir, CNESTEN, Maroc<\/li><li>Christelle Reynard-Carette, Aix-Marseille Universit\u00e9, Marseille, France<\/li><li> Adrien VOLTE, Aix-Marseille Universit\u00e9, Marseille, France   <\/li><\/ol>\n","protected":false},"excerpt":{"rendered":"<p>Comit\u00e9 d\u2019organisation Le comit\u00e9 d\u2019organisation est compos\u00e9 de : Aziz BENAHMED, CNESTEN, Maroc Ahmed BOUFRAQECH, CNESTEN, Maroc Michel CARETTE, Aix-Marseille Universit\u00e9, Marseille, France Na\u00efma EL KHAYATI, Universit\u00e9 Mohammed V de Rabat, Maroc Abdallah LYOUSSI, CEA, France Ta\u00efb MARFAK, AMSSNuR, Maroc Christelle REYNARD-CARETTE, Aix-Marseille Universit\u00e9, Marseille, France Adrien VOLTE, Aix-Marseille Universit\u00e9, Marseille, France Comit\u00e9 scientifique Le [&hellip;]<\/p>\n","protected":false},"author":1,"featured_media":0,"parent":0,"menu_order":0,"comment_status":"closed","ping_status":"closed","template":"","meta":{"footnotes":""},"_links":{"self":[{"href":"https:\/\/efmmin.com\/6\/wp-json\/wp\/v2\/pages\/106"}],"collection":[{"href":"https:\/\/efmmin.com\/6\/wp-json\/wp\/v2\/pages"}],"about":[{"href":"https:\/\/efmmin.com\/6\/wp-json\/wp\/v2\/types\/page"}],"author":[{"embeddable":true,"href":"https:\/\/efmmin.com\/6\/wp-json\/wp\/v2\/users\/1"}],"replies":[{"embeddable":true,"href":"https:\/\/efmmin.com\/6\/wp-json\/wp\/v2\/comments?post=106"}],"version-history":[{"count":19,"href":"https:\/\/efmmin.com\/6\/wp-json\/wp\/v2\/pages\/106\/revisions"}],"predecessor-version":[{"id":339,"href":"https:\/\/efmmin.com\/6\/wp-json\/wp\/v2\/pages\/106\/revisions\/339"}],"wp:attachment":[{"href":"https:\/\/efmmin.com\/6\/wp-json\/wp\/v2\/media?parent=106"}],"curies":[{"name":"wp","href":"https:\/\/api.w.org\/{rel}","templated":true}]}}