{"id":28,"date":"2016-03-22T14:21:21","date_gmt":"2016-03-22T14:21:21","guid":{"rendered":"https:\/\/efmmin.com\/4\/?page_id=28"},"modified":"2016-06-09T08:50:49","modified_gmt":"2016-06-09T08:50:49","slug":"inscriptions","status":"publish","type":"page","link":"https:\/\/efmmin.com\/4\/inscriptions\/","title":{"rendered":"Inscriptions"},"content":{"rendered":"<h2 style=\"text-align: justify;\">\u00a0Modalit\u00e9s<\/h2>\n<p style=\"text-align: justify;\">La participation \u00e0 cette \u00e9cole est ouverte aux \u00e9tudiants marocains et fran\u00e7ais en master et en doctorat sp\u00e9cialis\u00e9s en physique nucl\u00e9aire et\/ou instrumentation ainsi qu\u2019\u00e0 des post-doctorants et \u00e0 des professionnels techniciens, ing\u00e9nieurs, chercheurs et enseignants-chercheurs exer\u00e7ant au Maroc, en France et notamment en r\u00e9gion PACA.<br \/> \u00a0Le nombre de participants est limit\u00e9 \u00e0 une cinquantaine de personnes dont les profils seront s\u00e9lectionn\u00e9s par le Comit\u00e9 d\u2019organisation et de programme.<br \/> Tous les \u00e9tudiants devront pr\u00e9senter leur activit\u00e9 sous la forme d\u2019un poster affich\u00e9 durant toute la dur\u00e9e de l\u2019\u00e9cole.<br \/> Les pr\u00e9inscriptions seront prochainement ouvertes en ligne, pour tout renseignement vous pouvez contacter le secr\u00e9tariat de l\u2019\u00e9cole.<\/p>\n<h3 style=\"text-align: justify;\">Dates importantes<\/h3>\n<table border=\"0\" width=\"101%\" cellpadding=\"2%\">\n<tbody>\n<tr>\n<td width=\"20%\">\n<p class=\"heure\">10 Mai<\/p>\n<\/td>\n<td width=\"80%\">Cl\u00f4ture des candidatures pour les \u00e9tudiants marocains (d\u00e9lais pour visa)<\/td>\n<\/tr>\n<tr>\n<td>\n<p class=\"heure\">15 Mai<\/p>\n<\/td>\n<td>D\u00e9cision du comit\u00e9 scientifique<\/td>\n<\/tr>\n<tr>\n<td>\n<p class=\"heure\">16 Mai<\/p>\n<\/td>\n<td>Ouverture des inscriptions (l\u2019inscription sera effective quand les frais seront acquitt\u00e9s)<\/td>\n<\/tr>\n<tr>\n<td>\n<p class=\"heure\">15 juin<\/p>\n<\/td>\n<td>Cl\u00f4ture des inscriptions<\/td>\n<\/tr>\n<\/tbody>\n<\/table>\n<h3 style=\"text-align: justify;\"> Formulaire de candidature<\/h3>\n<p style=\"text-align: justify;\">Pour faire acte de candidature, veuillez remplir et renvoyer le formulaire \u00e0 t\u00e9l\u00e9charger ci-dessous \u00e0 contact@efmmin.com <a href=\"https:\/\/efmmin.com\/4\/wp-content\/uploads\/sites\/4\/formulaire-efmmin4.docx\" target=\"_blank\">Formulaire_Candidature_EFMMIN4<\/a><\/p>\n<h3 style=\"text-align: justify;\">Frais d\u2019inscription<\/h3>\n<table border=\"0\" width=\"101%\" cellpadding=\"2%\">\n<tbody>\n<tr>\n<td width=\"20%\">\n<p class=\"heure\">100 euros<\/p>\n<\/td>\n<td width=\"80%\">Etudiants<\/td>\n<\/tr>\n<tr>\n<td>\n<p class=\"heure\">300 euros<\/p>\n<\/td>\n<td>Autres<\/td>\n<\/tr>\n<\/tbody>\n<\/table>\n<p>\u00a0Ces frais comprennent tous les d\u00e9jeuners, les pauses caf\u00e9, le d\u00eener EFMMIN, les supports de cours et la visite du <a href=\"http:\/\/www-cadarache.cea.fr\/\" target=\"_blank\">CEA Cadarache<\/a>.<br \/> Les supports de cours seront fournis en format papier et par la suite en format num\u00e9rique sur ce site dans l&rsquo;onglet \u00ab\u00a0Espace participants\u00a0\u00bb<br \/> La r\u00e9servation et les frais d\u2019h\u00e9bergement sont \u00e0 la charge des participants. (Une liste d\u2019h\u00f4tels proches du Campus St Charles\u00a0sera indiqu\u00e9e dans la rubrique<a href=\"https:\/\/efmmin.com\/4\/informations-pratiques\/\"> Informations Pratiques<\/a>).<\/p>\n","protected":false},"excerpt":{"rendered":"<p>\u00a0Modalit\u00e9s La participation \u00e0 cette \u00e9cole est ouverte aux \u00e9tudiants marocains et fran\u00e7ais en master et en doctorat sp\u00e9cialis\u00e9s en physique nucl\u00e9aire et\/ou instrumentation ainsi qu\u2019\u00e0 des post-doctorants et \u00e0 des professionnels techniciens, ing\u00e9nieurs, chercheurs et enseignants-chercheurs exer\u00e7ant au Maroc, en France et notamment en r\u00e9gion PACA. \u00a0Le nombre de participants est limit\u00e9 \u00e0 une [&hellip;]<\/p>\n","protected":false},"author":1,"featured_media":0,"parent":0,"menu_order":0,"comment_status":"closed","ping_status":"closed","template":"","meta":{"footnotes":""},"_links":{"self":[{"href":"https:\/\/efmmin.com\/4\/wp-json\/wp\/v2\/pages\/28"}],"collection":[{"href":"https:\/\/efmmin.com\/4\/wp-json\/wp\/v2\/pages"}],"about":[{"href":"https:\/\/efmmin.com\/4\/wp-json\/wp\/v2\/types\/page"}],"author":[{"embeddable":true,"href":"https:\/\/efmmin.com\/4\/wp-json\/wp\/v2\/users\/1"}],"replies":[{"embeddable":true,"href":"https:\/\/efmmin.com\/4\/wp-json\/wp\/v2\/comments?post=28"}],"version-history":[{"count":14,"href":"https:\/\/efmmin.com\/4\/wp-json\/wp\/v2\/pages\/28\/revisions"}],"predecessor-version":[{"id":218,"href":"https:\/\/efmmin.com\/4\/wp-json\/wp\/v2\/pages\/28\/revisions\/218"}],"wp:attachment":[{"href":"https:\/\/efmmin.com\/4\/wp-json\/wp\/v2\/media?parent=28"}],"curies":[{"name":"wp","href":"https:\/\/api.w.org\/{rel}","templated":true}]}}